{"id":2742,"date":"2024-10-09T15:55:02","date_gmt":"2024-10-09T15:55:02","guid":{"rendered":"https:\/\/jeterecherche.com\/my-account\/"},"modified":"2024-10-09T15:55:02","modified_gmt":"2024-10-09T15:55:02","slug":"my-account","status":"publish","type":"page","link":"https:\/\/jeterecherche.com\/en\/my-account\/","title":{"rendered":"My Account"},"content":{"rendered":"<div style=\"text-align: center; padding: 40px; background: #f8f9fa; border-radius: 10px; margin: 20px 0;\">\n                        <p style=\"color: #666; font-size: 16px;\">Vous devez \u00eatre connect\u00e9 pour acc\u00e9der \u00e0 votre compte.<\/p>\n                        <a href=\"https:\/\/jeterecherche.com\" style=\"display: inline-block; margin-top: 15px; padding: 10px 20px; background: #0073AA; color: white; text-decoration: none; border-radius: 5px;\">Se connecter<\/a>\n                    <\/div>\n","protected":false},"excerpt":{"rendered":"","protected":false},"author":1,"featured_media":0,"parent":0,"menu_order":0,"comment_status":"closed","ping_status":"closed","template":"","meta":{"footnotes":""},"class_list":["post-2742","page","type-page","status-publish","hentry"],"aioseo_notices":[],"_links":{"self":[{"href":"https:\/\/jeterecherche.com\/en\/wp-json\/wp\/v2\/pages\/2742","targetHints":{"allow":["GET"]}}],"collection":[{"href":"https:\/\/jeterecherche.com\/en\/wp-json\/wp\/v2\/pages"}],"about":[{"href":"https:\/\/jeterecherche.com\/en\/wp-json\/wp\/v2\/types\/page"}],"author":[{"embeddable":true,"href":"https:\/\/jeterecherche.com\/en\/wp-json\/wp\/v2\/users\/1"}],"replies":[{"embeddable":true,"href":"https:\/\/jeterecherche.com\/en\/wp-json\/wp\/v2\/comments?post=2742"}],"version-history":[{"count":0,"href":"https:\/\/jeterecherche.com\/en\/wp-json\/wp\/v2\/pages\/2742\/revisions"}],"wp:attachment":[{"href":"https:\/\/jeterecherche.com\/en\/wp-json\/wp\/v2\/media?parent=2742"}],"curies":[{"name":"wp","href":"https:\/\/api.w.org\/{rel}","templated":true}]}}